{"id":2817,"date":"2019-04-22T10:36:46","date_gmt":"2019-04-22T10:36:46","guid":{"rendered":"https:\/\/asensiotranslates.asensiotranslates.com\/services\/"},"modified":"2020-05-08T16:47:43","modified_gmt":"2020-05-08T16:47:43","slug":"servicios","status":"publish","type":"page","link":"https:\/\/asensiotranslates.asensiotranslates.com\/es\/servicios\/","title":{"rendered":"Servicios"},"content":{"rendered":"<p>[vc_row tm_bgimagefixed=\u00bb\u00bb break_in_responsive=\u00bb991&#8243; full_width=\u00bbstretch_row\u00bb equal_height=\u00bbyes\u00bb content_placement=\u00bbmiddle\u00bb css=\u00bb.vc_custom_1588956350167{padding-bottom: 100px !important;}\u00bb tm_responsive_css=\u00bb58079122|colbreak_no|||||||||colbreak_no|||||27px||25px||colbreak_no||||||||||colbreak_no|||||||||\u00bb el_id=\u00bbtraduccion\u00bb][vc_column width=\u00bb5\/12&#8243;][vc_single_image image=\u00bb2651&#8243; img_size=\u00bbfull\u00bb css=\u00bb.vc_custom_1580146045361{margin-bottom: 0px !important;}\u00bb][\/vc_column][vc_column width=\u00bb7\/12&#8243; css=\u00bb.vc_custom_1559723794606{padding-left: 85px !important;}\u00bb tm_responsive_css=\u00bb54595271|colbreak_no|||||||||colbreak_no|||||70px|||15px|colbreak_no||||||||||colbreak_no|||||||||\u00bb][vc_row_inner][vc_column_inner css=\u00bb.vc_custom_1559733581132{padding-right: 70px !important;}\u00bb tm_responsive_css=\u00bb74487486|colbreak_no|||||||||colbreak_no||||||15px|||colbreak_no||||||||||colbreak_no|||||||||\u00bb]<!-- Visual Composer plugin not installed. Please install it to make this shortcode work. -->[\/vc_column_inner][\/vc_row_inner][vc_row_inner el_class=\u00bbtm-column-inline\u00bb][vc_column_inner]<!-- Visual Composer plugin not installed. Please install it to make this shortcode work. --><!-- Visual Composer plugin not installed. Please install it to make this shortcode work. --><!-- Visual Composer plugin not installed. Please install it to make this shortcode work. --><!-- Visual Composer plugin not installed. Please install it to make this shortcode work. --><!-- Visual Composer plugin not installed. Please install it to make this shortcode work. -->[\/vc_column_inner][\/vc_row_inner][\/vc_column][\/vc_row][vc_row tm_bgcolor=\u00bbgrey\u00bb tm_bgimagefixed=\u00bb\u00bb full_width=\u00bbstretch_row\u00bb tm_responsive_css=\u00bb16496640|colbreak_no|||||||||colbreak_no|||||40px||20px||colbreak_no||||||||||colbreak_no|||||||||\u00bb css=\u00bb.vc_custom_1574415259892{padding-bottom: 0px !important;}\u00bb][vc_column]<!-- Visual Composer plugin not installed. Please install it to make this shortcode work. -->[\/vc_column][\/vc_row][vc_row tm_bgcolor=\u00bbgrey\u00bb tm_bgimagefixed=\u00bb\u00bb full_width=\u00bbstretch_row\u00bb tm_responsive_css=\u00bb16496640|colbreak_no|||||||||colbreak_no|||||40px||20px||colbreak_no||||||||||colbreak_no|||||||||\u00bb css=\u00bb.vc_custom_1574415765442{padding-top: 30px !important;}\u00bb el_class=\u00bbsmaller-padding\u00bb][vc_column width=\u00bb1\/2&#8243;]<!-- Visual Composer plugin not installed. Please install it to make this shortcode work. -->[vc_row_inner equal_height=\u00bbyes\u00bb content_placement=\u00bbmiddle\u00bb tm_responsive_css=\u00bb42051778|colbreak_no|||||||||colbreak_no|0px||||||||colbreak_no||||||||||colbreak_no|||||||||\u00bb][vc_column_inner width=\u00bb1\/2&#8243;][vc_single_image image=\u00bb2576&#8243; img_size=\u00bbfull\u00bb alignment=\u00bbcenter\u00bb css=\u00bb.vc_custom_1574415409903{padding-top: 8px !important;}\u00bb][\/vc_column_inner][vc_column_inner width=\u00bb1\/2&#8243;][vc_column_text]Alcanza el potencial global de tu marca gracias a la traducci\u00f3n de tu material de marketing para el mundo de habla hispana. Una traducci\u00f3n de marketing es m\u00e1s que una simple traducci\u00f3n de las palabras en s\u00ed. El mensaje, el tono de las voces y la creaci\u00f3n del impacto adecuado en la audiencia son fundamentales. D\u00e9jame asegurarme de que la identidad de tu marca brille. Perm\u00edteme proporcionarte una traducci\u00f3n de marketing creativa y persuasiva. [\/vc_column_text][\/vc_column_inner][\/vc_row_inner][\/vc_column][vc_column width=\u00bb1\/2&#8243;]<!-- Visual Composer plugin not installed. Please install it to make this shortcode work. -->[vc_row_inner equal_height=\u00bbyes\u00bb content_placement=\u00bbmiddle\u00bb tm_responsive_css=\u00bb42051778|colbreak_no|||||||||colbreak_no|0px||||||||colbreak_no||||||||||colbreak_no|||||||||\u00bb][vc_column_inner width=\u00bb1\/2&#8243;][vc_single_image image=\u00bb2577&#8243; img_size=\u00bbfull\u00bb alignment=\u00bbcenter\u00bb css=\u00bb.vc_custom_1574415415388{padding-top: 8px !important;}\u00bb][\/vc_column_inner][vc_column_inner width=\u00bb1\/2&#8243;][vc_column_text]Afianza el \u00e9xito de tus exportaciones. Perm\u00edteme proporcionarte una traducci\u00f3n t\u00e9cnica precisa y consistente para asegurar que pueda ser comprendida por profesionales y t\u00e9cnicos de cualquier pa\u00eds de habla hispana. [\/vc_column_text][\/vc_column_inner][\/vc_row_inner][\/vc_column][\/vc_row][vc_row tm_bgcolor=\u00bbwhite\u00bb tm_bgimagefixed=\u00bb\u00bb full_width=\u00bbstretch_row\u00bb tm_responsive_css=\u00bb16496640|colbreak_no|||||||||colbreak_no|||||40px||20px||colbreak_no||||||||||colbreak_no|||||||||\u00bb css=\u00bb.vc_custom_1574416077019{padding-top: 90px !important;}\u00bb el_class=\u00bbsmaller-padding\u00bb][vc_column]<!-- Visual Composer plugin not installed. Please install it to make this shortcode work. -->[vc_row_inner el_class=\u00bbsmaller-padding\u00bb][vc_column_inner width=\u00bb1\/3&#8243;]<!-- Visual Composer plugin not installed. Please install it to make this shortcode work. --><!-- Visual Composer plugin not installed. Please install it to make this shortcode work. --><!-- Visual Composer plugin not installed. Please install it to make this shortcode work. -->[\/vc_column_inner][vc_column_inner width=\u00bb1\/3&#8243;]<!-- Visual Composer plugin not installed. Please install it to make this shortcode work. --><!-- Visual Composer plugin not installed. Please install it to make this shortcode work. --><!-- Visual Composer plugin not installed. Please install it to make this shortcode work. -->[\/vc_column_inner][vc_column_inner width=\u00bb1\/3&#8243;]<!-- Visual Composer plugin not installed. Please install it to make this shortcode work. --><!-- Visual Composer plugin not installed. Please install it to make this shortcode work. --><!-- Visual Composer plugin not installed. Please install it to make this shortcode work. -->[\/vc_column_inner][\/vc_row_inner][\/vc_column][\/vc_row][vc_row tm_bgcolor=\u00bbgrey\u00bb tm_bgimagefixed=\u00bb\u00bb break_in_responsive=\u00bb991&#8243; full_width=\u00bbstretch_row\u00bb equal_height=\u00bbyes\u00bb content_placement=\u00bbmiddle\u00bb css=\u00bb.vc_custom_1588956379669{padding-bottom: 100px !important;background-image: url(https:\/\/asensiotranslates.asensiotranslates.com\/wp-content\/uploads\/2019\/11\/logo-light-1-1.png?id=2599) !important;background-position: center !important;background-repeat: no-repeat !important;background-size: contain !important;}\u00bb tm_responsive_css=\u00bb58079122|colbreak_no|||||||||colbreak_no|||||27px||25px||colbreak_no||||||||||colbreak_no|||||||||\u00bb el_id=\u00bbinterpretacion\u00bb][vc_column width=\u00bb1\/2&#8243; tm_responsive_css=\u00bb54595271|colbreak_no|||||||||colbreak_no|||||70px|||15px|colbreak_no||||||||||colbreak_no|||||||||\u00bb][vc_row_inner][vc_column_inner css=\u00bb.vc_custom_1559733581132{padding-right: 70px !important;}\u00bb tm_responsive_css=\u00bb74487486|colbreak_no|||||||||colbreak_no||||||15px|||colbreak_no||||||||||colbreak_no|||||||||\u00bb]<!-- Visual Composer plugin not installed. Please install it to make this shortcode work. -->[\/vc_column_inner][\/vc_row_inner][vc_row_inner el_class=\u00bbtm-column-inline\u00bb][vc_column_inner]<!-- Visual Composer plugin not installed. Please install it to make this shortcode work. -->[\/vc_column_inner][\/vc_row_inner][\/vc_column][vc_column width=\u00bb1\/2&#8243;][vc_row_inner][vc_column_inner css=\u00bb.vc_custom_1559733581132{padding-right: 70px !important;}\u00bb tm_responsive_css=\u00bb74487486|colbreak_no|||||||||colbreak_no||||||15px|||colbreak_no||||||||||colbreak_no|||||||||\u00bb]<!-- Visual Composer plugin not installed. Please install it to make this shortcode work. -->[\/vc_column_inner][\/vc_row_inner][vc_row_inner el_class=\u00bbtm-column-inline\u00bb][vc_column_inner]<!-- Visual Composer plugin not installed. Please install it to make this shortcode work. -->[\/vc_column_inner][\/vc_row_inner][\/vc_column][\/vc_row][vc_row tm_bgimagefixed=\u00bb\u00bb break_in_responsive=\u00bb991&#8243; full_width=\u00bbstretch_row\u00bb equal_height=\u00bbyes\u00bb content_placement=\u00bbmiddle\u00bb css=\u00bb.vc_custom_1588956450860{padding-bottom: 80px !important;}\u00bb tm_responsive_css=\u00bb58079122|colbreak_no|||||||||colbreak_no|||||27px||25px||colbreak_no||||||||||colbreak_no|||||||||\u00bb el_id=\u00bbvoz-en-off\u00bb][vc_column]<!-- Visual Composer plugin not installed. Please install it to make this shortcode work. -->[\/vc_column][vc_column width=\u00bb1\/2&#8243; tm_responsive_css=\u00bb54595271|colbreak_no|||||||||colbreak_no|||||70px|||15px|colbreak_no||||||||||colbreak_no|||||||||\u00bb][vc_column_text]\u00bfNecesitas una voz masculina para dar voz a tus v\u00eddeos publicitarios y dirigirte al mundo hispanohablante? He proporcionado mi voz a algunos documentales de TV y pel\u00edculas publicitarias. Los clientes responden bien a una voz clara y con autoridad, ya que emana seguridad y tambi\u00e9n ayuda a los clientes a confiar m\u00e1s en un producto.<\/p>\n<p>Inyectar\u00e9 profesionalidad y autoridad a tu presentaci\u00f3n o publicidad dirigida al p\u00fablico hispanoparlante.<\/p>\n<p>Los siguientes son algunos puntos a favor del uso de la voz en off:[\/vc_column_text][\/vc_column][vc_column width=\u00bb1\/2&#8243;]<!-- Visual Composer plugin not installed. Please install it to make this shortcode work. -->[\/vc_column][vc_column][\/vc_column][vc_column width=\u00bb1\/3&#8243;][vc_raw_html]JTNDaWZyYW1lJTIwd2lkdGglM0QlMjI1NjAlMjIlMjBoZWlnaHQlM0QlMjIzMTUlMjIlMjBzcmMlM0QlMjJodHRwcyUzQSUyRiUyRnd3dy55b3V0dWJlLmNvbSUyRmVtYmVkJTJGeTRuaTJPd2pJOWslMjIlMjBmcmFtZWJvcmRlciUzRCUyMjAlMjIlMjBhbGxvdyUzRCUyMmFjY2VsZXJvbWV0ZXIlM0IlMjBhdXRvcGxheSUzQiUyMGVuY3J5cHRlZC1tZWRpYSUzQiUyMGd5cm9zY29wZSUzQiUyMHBpY3R1cmUtaW4tcGljdHVyZSUyMiUyMGFsbG93ZnVsbHNjcmVlbiUzRSUzQyUyRmlmcmFtZSUzRQ==[\/vc_raw_html][\/vc_column][vc_column width=\u00bb1\/3&#8243;][vc_raw_html]JTNDaWZyYW1lJTIwd2lkdGglM0QlMjI1NjAlMjIlMjBoZWlnaHQlM0QlMjIzMTUlMjIlMjBzcmMlM0QlMjJodHRwcyUzQSUyRiUyRnd3dy55b3V0dWJlLmNvbSUyRmVtYmVkJTJGZlVqZFhTcHV4U2MlMjIlMjBmcmFtZWJvcmRlciUzRCUyMjAlMjIlMjBhbGxvdyUzRCUyMmFjY2VsZXJvbWV0ZXIlM0IlMjBhdXRvcGxheSUzQiUyMGVuY3J5cHRlZC1tZWRpYSUzQiUyMGd5cm9zY29wZSUzQiUyMHBpY3R1cmUtaW4tcGljdHVyZSUyMiUyMGFsbG93ZnVsbHNjcmVlbiUzRSUzQyUyRmlmcmFtZSUzRQ==[\/vc_raw_html][\/vc_column][vc_column width=\u00bb1\/3&#8243;][vc_raw_html]JTNDaWZyYW1lJTIwd2lkdGglM0QlMjI1NjAlMjIlMjBoZWlnaHQlM0QlMjIzMTUlMjIlMjBzcmMlM0QlMjJodHRwcyUzQSUyRiUyRnd3dy55b3V0dWJlLmNvbSUyRmVtYmVkJTJGR2FJWnBJc0lQSzglMjIlMjBmcmFtZWJvcmRlciUzRCUyMjAlMjIlMjBhbGxvdyUzRCUyMmFjY2VsZXJvbWV0ZXIlM0IlMjBhdXRvcGxheSUzQiUyMGVuY3J5cHRlZC1tZWRpYSUzQiUyMGd5cm9zY29wZSUzQiUyMHBpY3R1cmUtaW4tcGljdHVyZSUyMiUyMGFsbG93ZnVsbHNjcmVlbiUzRSUzQyUyRmlmcmFtZSUzRQ==[\/vc_raw_html][\/vc_column][\/vc_row][vc_row tm_bgimagefixed=\u00bb\u00bb break_in_responsive=\u00bb991&#8243; full_width=\u00bbstretch_row\u00bb equal_height=\u00bbyes\u00bb content_placement=\u00bbmiddle\u00bb css=\u00bb.vc_custom_1588956460609{padding-bottom: 80px !important;background-color: #f5faff !important;}\u00bb tm_responsive_css=\u00bb58079122|colbreak_no|||||||||colbreak_no|||||27px||25px||colbreak_no||||||||||colbreak_no|||||||||\u00bb el_id=\u00bbensenanza-y-comunicacion-intercultural\u00bb][vc_column][vc_row_inner][vc_column_inner css=\u00bb.vc_custom_1559733581132{padding-right: 70px !important;}\u00bb tm_responsive_css=\u00bb74487486|colbreak_no|||||||||colbreak_no||||||15px|||colbreak_no||||||||||colbreak_no|||||||||\u00bb]<!-- Visual Composer plugin not installed. Please install it to make this shortcode work. -->[\/vc_column_inner][\/vc_row_inner][\/vc_column][vc_column width=\u00bb1\/2&#8243;][vc_column_text]\u00bfNecesitas tomar lecciones de espa\u00f1ol (probablemente no si est\u00e1s leyendo esto) o recibir formaci\u00f3n en materia de interculturalidad para uso privado o comercial? \u00bfPlaneas mudarte al extranjero y necesitas algo de ayuda con el idioma? Yo puedo ser tu maestro de espa\u00f1ol.<\/p>\n<p>Como hispanohablante nativo con m\u00e1s de dos d\u00e9cadas de experiencia en la ense\u00f1anza del espa\u00f1ol a nivel universitario, aprender\u00e1s r\u00e1pida y f\u00e1cilmente con mi ayuda.<\/p>\n<p>Estos son algunos de los beneficios de aprender espa\u00f1ol:[\/vc_column_text][\/vc_column][vc_column width=\u00bb1\/2&#8243;]<!-- Visual Composer plugin not installed. Please install it to make this shortcode work. -->[\/vc_column][vc_column]<!-- Visual Composer plugin not installed. Please install it to make this shortcode work. -->[\/vc_column][\/vc_row]<\/p>\n","protected":false},"excerpt":{"rendered":"<p>[vc_row tm_bgimagefixed=\u00bb\u00bb break_in_responsive=\u00bb991&#8243; full_width=\u00bbstretch_row\u00bb equal_height=\u00bbyes\u00bb content_placement=\u00bbmiddle\u00bb css=\u00bb.vc_custom_1588956350167{padding-bottom: 100px !important;}\u00bb tm_responsive_css=\u00bb58079122|colbreak_no|||||||||colbreak_no|||||27px||25px||colbreak_no||||||||||colbreak_no|||||||||\u00bb el_id=\u00bbtraduccion\u00bb][vc_column width=\u00bb5\/12&#8243;][vc_single_image image=\u00bb2651&#8243; img_size=\u00bbfull\u00bb css=\u00bb.vc_custom_1580146045361{margin-bottom: 0px !important;}\u00bb][\/vc_column][vc_column width=\u00bb7\/12&#8243; css=\u00bb.vc_custom_1559723794606{padding-left: 85px !important;}\u00bb tm_responsive_css=\u00bb54595271|colbreak_no|||||||||colbreak_no|||||70px|||15px|colbreak_no||||||||||colbreak_no|||||||||\u00bb][vc_row_inner][vc_column_inner css=\u00bb.vc_custom_1559733581132{padding-right: 70px !important;}\u00bb tm_responsive_css=\u00bb74487486|colbreak_no|||||||||colbreak_no||||||15px|||colbreak_no||||||||||colbreak_no|||||||||\u00bb][\/vc_column_inner][\/vc_row_inner][vc_row_inner el_class=\u00bbtm-column-inline\u00bb][vc_column_inner][\/vc_column_inner][\/vc_row_inner][\/vc_column][\/vc_row][vc_row tm_bgcolor=\u00bbgrey\u00bb tm_bgimagefixed=\u00bb\u00bb full_width=\u00bbstretch_row\u00bb tm_responsive_css=\u00bb16496640|colbreak_no|||||||||colbreak_no|||||40px||20px||colbreak_no||||||||||colbreak_no|||||||||\u00bb css=\u00bb.vc_custom_1574415259892{padding-bottom: 0px !important;}\u00bb][vc_column][\/vc_column][\/vc_row][vc_row tm_bgcolor=\u00bbgrey\u00bb tm_bgimagefixed=\u00bb\u00bb full_width=\u00bbstretch_row\u00bb tm_responsive_css=\u00bb16496640|colbreak_no|||||||||colbreak_no|||||40px||20px||colbreak_no||||||||||colbreak_no|||||||||\u00bb css=\u00bb.vc_custom_1574415765442{padding-top: 30px !important;}\u00bb el_class=\u00bbsmaller-padding\u00bb][vc_column width=\u00bb1\/2&#8243;][vc_row_inner equal_height=\u00bbyes\u00bb content_placement=\u00bbmiddle\u00bb tm_responsive_css=\u00bb42051778|colbreak_no|||||||||colbreak_no|0px||||||||colbreak_no||||||||||colbreak_no|||||||||\u00bb][vc_column_inner width=\u00bb1\/2&#8243;][vc_single_image image=\u00bb2576&#8243; img_size=\u00bbfull\u00bb alignment=\u00bbcenter\u00bb css=\u00bb.vc_custom_1574415409903{padding-top: 8px !important;}\u00bb][\/vc_column_inner][vc_column_inner width=\u00bb1\/2&#8243;][vc_column_text]Alcanza el &hellip; <a href=\"https:\/\/asensiotranslates.asensiotranslates.com\/es\/servicios\/\" class=\"more-link\">Continue reading <span class=\"screen-reader-text\">Servicios<\/span><\/a><\/p>\n","protected":false},"author":1,"featured_media":0,"parent":0,"menu_order":7,"comment_status":"closed","ping_status":"closed","template":"","meta":{"footnotes":""},"class_list":["post-2817","page","type-page","status-publish","hentry"],"yoast_head":"<!-- This site is optimized with the Yoast SEO plugin v27.4 - https:\/\/yoast.com\/product\/yoast-seo-wordpress\/ -->\n<title>Spanish legal translation, Spanish interpreting &amp; Spanish voiceover artist<\/title>\n<meta name=\"description\" content=\"Asensio provides Spanish legal, technical &amp; marketing translation services. Looking for a qualified Spanish interpreter or a voiceover artist? Get in touch!\" \/>\n<meta name=\"robots\" content=\"index, follow, max-snippet:-1, max-image-preview:large, max-video-preview:-1\" \/>\n<link rel=\"canonical\" href=\"https:\/\/asensiotranslates.asensiotranslates.com\/es\/servicios\/\" \/>\n<meta property=\"og:locale\" content=\"es_ES\" \/>\n<meta property=\"og:type\" content=\"article\" \/>\n<meta property=\"og:title\" content=\"Spanish legal translation, Spanish interpreting &amp; Spanish voiceover artist\" \/>\n<meta property=\"og:description\" content=\"Asensio provides Spanish legal, technical &amp; marketing translation services. Looking for a qualified Spanish interpreter or a voiceover artist? Get in touch!\" \/>\n<meta property=\"og:url\" content=\"https:\/\/asensiotranslates.asensiotranslates.com\/es\/servicios\/\" \/>\n<meta property=\"og:site_name\" content=\"Asensio Translates\" \/>\n<meta property=\"article:modified_time\" content=\"2020-05-08T16:47:43+00:00\" \/>\n<meta name=\"twitter:card\" content=\"summary_large_image\" \/>\n<meta name=\"twitter:label1\" content=\"Tiempo de lectura\" \/>\n\t<meta name=\"twitter:data1\" content=\"11 minutos\" \/>\n<script type=\"application\/ld+json\" class=\"yoast-schema-graph\">{\"@context\":\"https:\\\/\\\/schema.org\",\"@graph\":[{\"@type\":\"WebPage\",\"@id\":\"https:\\\/\\\/asensiotranslates.asensiotranslates.com\\\/es\\\/servicios\\\/\",\"url\":\"https:\\\/\\\/asensiotranslates.asensiotranslates.com\\\/es\\\/servicios\\\/\",\"name\":\"Spanish legal translation, Spanish interpreting & Spanish voiceover artist\",\"isPartOf\":{\"@id\":\"https:\\\/\\\/asensiotranslates.asensiotranslates.com\\\/#website\"},\"datePublished\":\"2019-04-22T10:36:46+00:00\",\"dateModified\":\"2020-05-08T16:47:43+00:00\",\"description\":\"Asensio provides Spanish legal, technical & marketing translation services. Looking for a qualified Spanish interpreter or a voiceover artist? Get in touch!\",\"breadcrumb\":{\"@id\":\"https:\\\/\\\/asensiotranslates.asensiotranslates.com\\\/es\\\/servicios\\\/#breadcrumb\"},\"inLanguage\":\"es\",\"potentialAction\":[{\"@type\":\"ReadAction\",\"target\":[\"https:\\\/\\\/asensiotranslates.asensiotranslates.com\\\/es\\\/servicios\\\/\"]}]},{\"@type\":\"BreadcrumbList\",\"@id\":\"https:\\\/\\\/asensiotranslates.asensiotranslates.com\\\/es\\\/servicios\\\/#breadcrumb\",\"itemListElement\":[{\"@type\":\"ListItem\",\"position\":1,\"name\":\"Home\",\"item\":\"https:\\\/\\\/asensiotranslates.asensiotranslates.com\\\/es\\\/\"},{\"@type\":\"ListItem\",\"position\":2,\"name\":\"Servicios\"}]},{\"@type\":\"WebSite\",\"@id\":\"https:\\\/\\\/asensiotranslates.asensiotranslates.com\\\/#website\",\"url\":\"https:\\\/\\\/asensiotranslates.asensiotranslates.com\\\/\",\"name\":\"Asensio Translates\",\"description\":\"Just another WordPress site\",\"publisher\":{\"@id\":\"https:\\\/\\\/asensiotranslates.asensiotranslates.com\\\/#organization\"},\"potentialAction\":[{\"@type\":\"SearchAction\",\"target\":{\"@type\":\"EntryPoint\",\"urlTemplate\":\"https:\\\/\\\/asensiotranslates.asensiotranslates.com\\\/?s={search_term_string}\"},\"query-input\":{\"@type\":\"PropertyValueSpecification\",\"valueRequired\":true,\"valueName\":\"search_term_string\"}}],\"inLanguage\":\"es\"},{\"@type\":\"Organization\",\"@id\":\"https:\\\/\\\/asensiotranslates.asensiotranslates.com\\\/#organization\",\"name\":\"Asensio Dolmetscher f\u00fcr Spanisch\",\"url\":\"https:\\\/\\\/asensiotranslates.asensiotranslates.com\\\/\",\"logo\":{\"@type\":\"ImageObject\",\"inLanguage\":\"es\",\"@id\":\"https:\\\/\\\/asensiotranslates.asensiotranslates.com\\\/#\\\/schema\\\/logo\\\/image\\\/\",\"url\":\"https:\\\/\\\/asensiotranslates.asensiotranslates.com\\\/wp-content\\\/uploads\\\/2019\\\/11\\\/asensio-logo.png\",\"contentUrl\":\"https:\\\/\\\/asensiotranslates.asensiotranslates.com\\\/wp-content\\\/uploads\\\/2019\\\/11\\\/asensio-logo.png\",\"width\":1476,\"height\":1299,\"caption\":\"Asensio Dolmetscher f\u00fcr Spanisch\"},\"image\":{\"@id\":\"https:\\\/\\\/asensiotranslates.asensiotranslates.com\\\/#\\\/schema\\\/logo\\\/image\\\/\"},\"sameAs\":[\"https:\\\/\\\/www.proz.com\\\/profile\\\/106949\"]}]}<\/script>\n<!-- \/ Yoast SEO plugin. -->","yoast_head_json":{"title":"Spanish legal translation, Spanish interpreting & Spanish voiceover artist","description":"Asensio provides Spanish legal, technical & marketing translation services. Looking for a qualified Spanish interpreter or a voiceover artist? Get in touch!","robots":{"index":"index","follow":"follow","max-snippet":"max-snippet:-1","max-image-preview":"max-image-preview:large","max-video-preview":"max-video-preview:-1"},"canonical":"https:\/\/asensiotranslates.asensiotranslates.com\/es\/servicios\/","og_locale":"es_ES","og_type":"article","og_title":"Spanish legal translation, Spanish interpreting & Spanish voiceover artist","og_description":"Asensio provides Spanish legal, technical & marketing translation services. Looking for a qualified Spanish interpreter or a voiceover artist? Get in touch!","og_url":"https:\/\/asensiotranslates.asensiotranslates.com\/es\/servicios\/","og_site_name":"Asensio Translates","article_modified_time":"2020-05-08T16:47:43+00:00","twitter_card":"summary_large_image","twitter_misc":{"Tiempo de lectura":"11 minutos"},"schema":{"@context":"https:\/\/schema.org","@graph":[{"@type":"WebPage","@id":"https:\/\/asensiotranslates.asensiotranslates.com\/es\/servicios\/","url":"https:\/\/asensiotranslates.asensiotranslates.com\/es\/servicios\/","name":"Spanish legal translation, Spanish interpreting & Spanish voiceover artist","isPartOf":{"@id":"https:\/\/asensiotranslates.asensiotranslates.com\/#website"},"datePublished":"2019-04-22T10:36:46+00:00","dateModified":"2020-05-08T16:47:43+00:00","description":"Asensio provides Spanish legal, technical & marketing translation services. Looking for a qualified Spanish interpreter or a voiceover artist? Get in touch!","breadcrumb":{"@id":"https:\/\/asensiotranslates.asensiotranslates.com\/es\/servicios\/#breadcrumb"},"inLanguage":"es","potentialAction":[{"@type":"ReadAction","target":["https:\/\/asensiotranslates.asensiotranslates.com\/es\/servicios\/"]}]},{"@type":"BreadcrumbList","@id":"https:\/\/asensiotranslates.asensiotranslates.com\/es\/servicios\/#breadcrumb","itemListElement":[{"@type":"ListItem","position":1,"name":"Home","item":"https:\/\/asensiotranslates.asensiotranslates.com\/es\/"},{"@type":"ListItem","position":2,"name":"Servicios"}]},{"@type":"WebSite","@id":"https:\/\/asensiotranslates.asensiotranslates.com\/#website","url":"https:\/\/asensiotranslates.asensiotranslates.com\/","name":"Asensio Translates","description":"Just another WordPress site","publisher":{"@id":"https:\/\/asensiotranslates.asensiotranslates.com\/#organization"},"potentialAction":[{"@type":"SearchAction","target":{"@type":"EntryPoint","urlTemplate":"https:\/\/asensiotranslates.asensiotranslates.com\/?s={search_term_string}"},"query-input":{"@type":"PropertyValueSpecification","valueRequired":true,"valueName":"search_term_string"}}],"inLanguage":"es"},{"@type":"Organization","@id":"https:\/\/asensiotranslates.asensiotranslates.com\/#organization","name":"Asensio Dolmetscher f\u00fcr Spanisch","url":"https:\/\/asensiotranslates.asensiotranslates.com\/","logo":{"@type":"ImageObject","inLanguage":"es","@id":"https:\/\/asensiotranslates.asensiotranslates.com\/#\/schema\/logo\/image\/","url":"https:\/\/asensiotranslates.asensiotranslates.com\/wp-content\/uploads\/2019\/11\/asensio-logo.png","contentUrl":"https:\/\/asensiotranslates.asensiotranslates.com\/wp-content\/uploads\/2019\/11\/asensio-logo.png","width":1476,"height":1299,"caption":"Asensio Dolmetscher f\u00fcr Spanisch"},"image":{"@id":"https:\/\/asensiotranslates.asensiotranslates.com\/#\/schema\/logo\/image\/"},"sameAs":["https:\/\/www.proz.com\/profile\/106949"]}]}},"_links":{"self":[{"href":"https:\/\/asensiotranslates.asensiotranslates.com\/es\/wp-json\/wp\/v2\/pages\/2817","targetHints":{"allow":["GET"]}}],"collection":[{"href":"https:\/\/asensiotranslates.asensiotranslates.com\/es\/wp-json\/wp\/v2\/pages"}],"about":[{"href":"https:\/\/asensiotranslates.asensiotranslates.com\/es\/wp-json\/wp\/v2\/types\/page"}],"author":[{"embeddable":true,"href":"https:\/\/asensiotranslates.asensiotranslates.com\/es\/wp-json\/wp\/v2\/users\/1"}],"replies":[{"embeddable":true,"href":"https:\/\/asensiotranslates.asensiotranslates.com\/es\/wp-json\/wp\/v2\/comments?post=2817"}],"version-history":[{"count":4,"href":"https:\/\/asensiotranslates.asensiotranslates.com\/es\/wp-json\/wp\/v2\/pages\/2817\/revisions"}],"predecessor-version":[{"id":2879,"href":"https:\/\/asensiotranslates.asensiotranslates.com\/es\/wp-json\/wp\/v2\/pages\/2817\/revisions\/2879"}],"wp:attachment":[{"href":"https:\/\/asensiotranslates.asensiotranslates.com\/es\/wp-json\/wp\/v2\/media?parent=2817"}],"curies":[{"name":"wp","href":"https:\/\/api.w.org\/{rel}","templated":true}]}}