{"id":2816,"date":"2019-04-22T10:36:46","date_gmt":"2019-04-22T10:36:46","guid":{"rendered":"https:\/\/asensiotranslates.asensiotranslates.com\/services\/"},"modified":"2020-05-11T12:26:18","modified_gmt":"2020-05-11T12:26:18","slug":"mein-angebot","status":"publish","type":"page","link":"https:\/\/asensiotranslates.asensiotranslates.com\/de\/mein-angebot\/","title":{"rendered":"Mein Angebot"},"content":{"rendered":"<p>[vc_row tm_bgimagefixed=&#8220;&#8220; break_in_responsive=&#8220;991&#8243; full_width=&#8220;stretch_row&#8220; equal_height=&#8220;yes&#8220; content_placement=&#8220;middle&#8220; css=&#8220;.vc_custom_1589199848517{padding-bottom: 100px !important;}&#8220; tm_responsive_css=&#8220;58079122|colbreak_no|||||||||colbreak_no|||||27px||25px||colbreak_no||||||||||colbreak_no|||||||||&#8220; el_id=&#8220;ubersetzen&#8220;][vc_column width=&#8220;5\/12&#8243;][vc_single_image image=&#8220;2651&#8243; img_size=&#8220;full&#8220; css=&#8220;.vc_custom_1580146045361{margin-bottom: 0px !important;}&#8220;][\/vc_column][vc_column width=&#8220;7\/12&#8243; css=&#8220;.vc_custom_1559723794606{padding-left: 85px !important;}&#8220; tm_responsive_css=&#8220;54595271|colbreak_no|||||||||colbreak_no|||||70px|||15px|colbreak_no||||||||||colbreak_no|||||||||&#8220;][vc_row_inner][vc_column_inner css=&#8220;.vc_custom_1559733581132{padding-right: 70px !important;}&#8220; tm_responsive_css=&#8220;74487486|colbreak_no|||||||||colbreak_no||||||15px|||colbreak_no||||||||||colbreak_no|||||||||&#8220;]<!-- Visual Composer plugin not installed. Please install it to make this shortcode work. -->[\/vc_column_inner][\/vc_row_inner][vc_row_inner el_class=&#8220;tm-column-inline&#8220;][vc_column_inner]<!-- Visual Composer plugin not installed. Please install it to make this shortcode work. --><!-- Visual Composer plugin not installed. Please install it to make this shortcode work. --><!-- Visual Composer plugin not installed. Please install it to make this shortcode work. --><!-- Visual Composer plugin not installed. Please install it to make this shortcode work. --><!-- Visual Composer plugin not installed. Please install it to make this shortcode work. -->[\/vc_column_inner][\/vc_row_inner][\/vc_column][\/vc_row][vc_row tm_bgcolor=&#8220;grey&#8220; tm_bgimagefixed=&#8220;&#8220; full_width=&#8220;stretch_row&#8220; tm_responsive_css=&#8220;16496640|colbreak_no|||||||||colbreak_no|||||40px||20px||colbreak_no||||||||||colbreak_no|||||||||&#8220; css=&#8220;.vc_custom_1574415259892{padding-bottom: 0px !important;}&#8220;][vc_column]<!-- Visual Composer plugin not installed. Please install it to make this shortcode work. -->[\/vc_column][\/vc_row][vc_row tm_bgcolor=&#8220;grey&#8220; tm_bgimagefixed=&#8220;&#8220; full_width=&#8220;stretch_row&#8220; tm_responsive_css=&#8220;16496640|colbreak_no|||||||||colbreak_no|||||40px||20px||colbreak_no||||||||||colbreak_no|||||||||&#8220; css=&#8220;.vc_custom_1574415765442{padding-top: 30px !important;}&#8220; el_class=&#8220;smaller-padding&#8220;][vc_column width=&#8220;1\/2&#8243;]<!-- Visual Composer plugin not installed. Please install it to make this shortcode work. -->[vc_row_inner equal_height=&#8220;yes&#8220; content_placement=&#8220;middle&#8220; tm_responsive_css=&#8220;42051778|colbreak_no|||||||||colbreak_no|0px||||||||colbreak_no||||||||||colbreak_no|||||||||&#8220;][vc_column_inner width=&#8220;1\/2&#8243;][vc_single_image image=&#8220;2576&#8243; img_size=&#8220;full&#8220; alignment=&#8220;center&#8220; css=&#8220;.vc_custom_1574415409903{padding-top: 8px !important;}&#8220;][\/vc_column_inner][vc_column_inner width=&#8220;1\/2&#8243;][vc_column_text]Ich helfe Ihnen dabei, Ihr internationales Potenzial auszusch\u00f6pfen, indem ich Ihre Marketingmaterialien ansprechend und ausdrucksstark f\u00fcr die spanischsprachige Welt \u00fcbersetze. Bei der \u00dcbersetzung von Marketingtexten geht es neben der korrekten Darstellung der Informationen um mehr als nur das blo\u00dfe \u00dcbersetzen der W\u00f6rter. Denn hier sind vor allem die \u00dcbertragung der Botschaft, Ansprache und gew\u00fcnschten Wirkung auf die Empf\u00e4nger von grundlegender Bedeutung. Ich sorge daf\u00fcr, dass Ihre Markenidentit\u00e4t auch in der Fremdsprache nicht verchwindet, mit einer kreativen und \u00fcberzeugenden Marketing\u00fcbersetzung. [\/vc_column_text][\/vc_column_inner][\/vc_row_inner][\/vc_column][vc_column width=&#8220;1\/2&#8243;]<!-- Visual Composer plugin not installed. Please install it to make this shortcode work. -->[vc_row_inner equal_height=&#8220;yes&#8220; content_placement=&#8220;middle&#8220; tm_responsive_css=&#8220;42051778|colbreak_no|||||||||colbreak_no|0px||||||||colbreak_no||||||||||colbreak_no|||||||||&#8220;][vc_column_inner width=&#8220;1\/2&#8243;][vc_single_image image=&#8220;2577&#8243; img_size=&#8220;full&#8220; alignment=&#8220;center&#8220; css=&#8220;.vc_custom_1574415415388{padding-top: 8px !important;}&#8220;][\/vc_column_inner][vc_column_inner width=&#8220;1\/2&#8243;][vc_column_text]Mit mir legen Sie den Grundstein f\u00fcr Ihre erfolgreiche Expansion ins Ausland. Ich liefere Ihnen eine genaue und koh\u00e4rente technische \u00dcbersetzung, die auch von den Fachleuten und Technikern eines spanischsprachigen Landes sicher verstanden wird. [\/vc_column_text][\/vc_column_inner][\/vc_row_inner][\/vc_column][\/vc_row][vc_row tm_bgcolor=&#8220;white&#8220; tm_bgimagefixed=&#8220;&#8220; full_width=&#8220;stretch_row&#8220; tm_responsive_css=&#8220;16496640|colbreak_no|||||||||colbreak_no|||||40px||20px||colbreak_no||||||||||colbreak_no|||||||||&#8220; css=&#8220;.vc_custom_1574416077019{padding-top: 90px !important;}&#8220; el_class=&#8220;smaller-padding&#8220;][vc_column]<!-- Visual Composer plugin not installed. Please install it to make this shortcode work. -->[vc_row_inner el_class=&#8220;smaller-padding&#8220;][vc_column_inner width=&#8220;1\/3&#8243;]<!-- Visual Composer plugin not installed. Please install it to make this shortcode work. --><!-- Visual Composer plugin not installed. Please install it to make this shortcode work. --><!-- Visual Composer plugin not installed. Please install it to make this shortcode work. -->[\/vc_column_inner][vc_column_inner width=&#8220;1\/3&#8243;]<!-- Visual Composer plugin not installed. Please install it to make this shortcode work. --><!-- Visual Composer plugin not installed. Please install it to make this shortcode work. --><!-- Visual Composer plugin not installed. Please install it to make this shortcode work. -->[\/vc_column_inner][vc_column_inner width=&#8220;1\/3&#8243;]<!-- Visual Composer plugin not installed. Please install it to make this shortcode work. --><!-- Visual Composer plugin not installed. Please install it to make this shortcode work. --><!-- Visual Composer plugin not installed. Please install it to make this shortcode work. -->[\/vc_column_inner][\/vc_row_inner][\/vc_column][\/vc_row][vc_row tm_bgcolor=&#8220;grey&#8220; tm_bgimagefixed=&#8220;&#8220; break_in_responsive=&#8220;991&#8243; full_width=&#8220;stretch_row&#8220; equal_height=&#8220;yes&#8220; content_placement=&#8220;middle&#8220; css=&#8220;.vc_custom_1589199875148{padding-bottom: 100px !important;background-image: url(https:\/\/asensiotranslates.asensiotranslates.com\/wp-content\/uploads\/2019\/11\/logo-light-1-1.png?id=2599) !important;background-position: center !important;background-repeat: no-repeat !important;background-size: contain !important;}&#8220; tm_responsive_css=&#8220;58079122|colbreak_no|||||||||colbreak_no|||||27px||25px||colbreak_no||||||||||colbreak_no|||||||||&#8220; el_id=&#8220;dolmetschen&#8220;][vc_column width=&#8220;1\/2&#8243; tm_responsive_css=&#8220;54595271|colbreak_no|||||||||colbreak_no|||||70px|||15px|colbreak_no||||||||||colbreak_no|||||||||&#8220;][vc_row_inner][vc_column_inner css=&#8220;.vc_custom_1559733581132{padding-right: 70px !important;}&#8220; tm_responsive_css=&#8220;74487486|colbreak_no|||||||||colbreak_no||||||15px|||colbreak_no||||||||||colbreak_no|||||||||&#8220;]<!-- Visual Composer plugin not installed. Please install it to make this shortcode work. -->[\/vc_column_inner][\/vc_row_inner][vc_row_inner el_class=&#8220;tm-column-inline&#8220;][vc_column_inner]<!-- Visual Composer plugin not installed. Please install it to make this shortcode work. -->[\/vc_column_inner][\/vc_row_inner][\/vc_column][vc_column width=&#8220;1\/2&#8243;][vc_row_inner][vc_column_inner css=&#8220;.vc_custom_1559733581132{padding-right: 70px !important;}&#8220; tm_responsive_css=&#8220;74487486|colbreak_no|||||||||colbreak_no||||||15px|||colbreak_no||||||||||colbreak_no|||||||||&#8220;]<!-- Visual Composer plugin not installed. Please install it to make this shortcode work. -->[\/vc_column_inner][\/vc_row_inner][vc_row_inner el_class=&#8220;tm-column-inline&#8220;][vc_column_inner]<!-- Visual Composer plugin not installed. Please install it to make this shortcode work. -->[\/vc_column_inner][\/vc_row_inner][\/vc_column][\/vc_row][vc_row tm_bgimagefixed=&#8220;&#8220; break_in_responsive=&#8220;991&#8243; full_width=&#8220;stretch_row&#8220; equal_height=&#8220;yes&#8220; content_placement=&#8220;middle&#8220; css=&#8220;.vc_custom_1581073220631{padding-bottom: 80px !important;}&#8220; tm_responsive_css=&#8220;58079122|colbreak_no|||||||||colbreak_no|||||27px||25px||colbreak_no||||||||||colbreak_no|||||||||&#8220; el_id=&#8220;voice-over&#8220;][vc_column]<!-- Visual Composer plugin not installed. Please install it to make this shortcode work. -->[\/vc_column][vc_column width=&#8220;1\/2&#8243; tm_responsive_css=&#8220;54595271|colbreak_no|||||||||colbreak_no|||||70px|||15px|colbreak_no||||||||||colbreak_no|||||||||&#8220;][vc_column_text]Sie planen ein Voice-over f\u00fcr ein Werbevideo und w\u00fcnschen sich eine ausdrucksstarke m\u00e4nnliche Stimme? Ich habe als Voice-over-Artist meine Stimme bereits dem TV geliehen oder aber Sicherheitseinweisungen auf Spanisch eingesprochen. Kunden reagieren positiv auf eine klare und Respekt einfl\u00f6\u00dfende Stimme, die Vertrauen vermittelt. Neben der passenden Stimme kann ich Ihnen selbstverst\u00e4ndlich ein Gesamtpaket mit der ad\u00e4quaten \u00dcbersetzung Ihres Texts f\u00fcr das Voice-over anbieten.<\/p>\n<p>Ich verleihe Ihren Pr\u00e4sentationen und Werbekampagnen f\u00fcr die spanischesprachige Welt die gebotene Professionalit\u00e4t.<\/p>\n<p>Vorteile von Voice-over:[\/vc_column_text][\/vc_column][vc_column width=&#8220;1\/2&#8243;]<!-- Visual Composer plugin not installed. Please install it to make this shortcode work. -->[\/vc_column][vc_column][\/vc_column][vc_column width=&#8220;1\/3&#8243;][vc_raw_html]JTNDaWZyYW1lJTIwd2lkdGglM0QlMjI1NjAlMjIlMjBoZWlnaHQlM0QlMjIzMTUlMjIlMjBzcmMlM0QlMjJodHRwcyUzQSUyRiUyRnd3dy55b3V0dWJlLmNvbSUyRmVtYmVkJTJGeTRuaTJPd2pJOWslMjIlMjBmcmFtZWJvcmRlciUzRCUyMjAlMjIlMjBhbGxvdyUzRCUyMmFjY2VsZXJvbWV0ZXIlM0IlMjBhdXRvcGxheSUzQiUyMGVuY3J5cHRlZC1tZWRpYSUzQiUyMGd5cm9zY29wZSUzQiUyMHBpY3R1cmUtaW4tcGljdHVyZSUyMiUyMGFsbG93ZnVsbHNjcmVlbiUzRSUzQyUyRmlmcmFtZSUzRQ==[\/vc_raw_html][\/vc_column][vc_column width=&#8220;1\/3&#8243;][vc_raw_html]JTNDaWZyYW1lJTIwd2lkdGglM0QlMjI1NjAlMjIlMjBoZWlnaHQlM0QlMjIzMTUlMjIlMjBzcmMlM0QlMjJodHRwcyUzQSUyRiUyRnd3dy55b3V0dWJlLmNvbSUyRmVtYmVkJTJGZlVqZFhTcHV4U2MlMjIlMjBmcmFtZWJvcmRlciUzRCUyMjAlMjIlMjBhbGxvdyUzRCUyMmFjY2VsZXJvbWV0ZXIlM0IlMjBhdXRvcGxheSUzQiUyMGVuY3J5cHRlZC1tZWRpYSUzQiUyMGd5cm9zY29wZSUzQiUyMHBpY3R1cmUtaW4tcGljdHVyZSUyMiUyMGFsbG93ZnVsbHNjcmVlbiUzRSUzQyUyRmlmcmFtZSUzRQ==[\/vc_raw_html][\/vc_column][vc_column width=&#8220;1\/3&#8243;][vc_raw_html]JTNDaWZyYW1lJTIwd2lkdGglM0QlMjI1NjAlMjIlMjBoZWlnaHQlM0QlMjIzMTUlMjIlMjBzcmMlM0QlMjJodHRwcyUzQSUyRiUyRnd3dy55b3V0dWJlLmNvbSUyRmVtYmVkJTJGR2FJWnBJc0lQSzglMjIlMjBmcmFtZWJvcmRlciUzRCUyMjAlMjIlMjBhbGxvdyUzRCUyMmFjY2VsZXJvbWV0ZXIlM0IlMjBhdXRvcGxheSUzQiUyMGVuY3J5cHRlZC1tZWRpYSUzQiUyMGd5cm9zY29wZSUzQiUyMHBpY3R1cmUtaW4tcGljdHVyZSUyMiUyMGFsbG93ZnVsbHNjcmVlbiUzRSUzQyUyRmlmcmFtZSUzRQ==[\/vc_raw_html][\/vc_column][\/vc_row][vc_row tm_bgimagefixed=&#8220;&#8220; break_in_responsive=&#8220;991&#8243; full_width=&#8220;stretch_row&#8220; equal_height=&#8220;yes&#8220; content_placement=&#8220;middle&#8220; css=&#8220;.vc_custom_1589199909617{padding-bottom: 80px !important;background-color: #f5faff !important;}&#8220; tm_responsive_css=&#8220;58079122|colbreak_no|||||||||colbreak_no|||||27px||25px||colbreak_no||||||||||colbreak_no|||||||||&#8220; el_id=&#8220;spanische-sprache&#8220;][vc_column][vc_row_inner][vc_column_inner css=&#8220;.vc_custom_1559733581132{padding-right: 70px !important;}&#8220; tm_responsive_css=&#8220;74487486|colbreak_no|||||||||colbreak_no||||||15px|||colbreak_no||||||||||colbreak_no|||||||||&#8220;]<!-- Visual Composer plugin not installed. Please install it to make this shortcode work. -->[\/vc_column_inner][\/vc_row_inner][\/vc_column][vc_column width=&#8220;1\/2&#8243;][vc_column_text]Vielleicht m\u00f6chten Sie schon lange Ihr Spanisch auffrischen oder planen gar den Umzug ins Ausland und ben\u00f6tigen Unterst\u00fctzung beim Erlernen der spanischen Sprache. Vielleicht aber plant Ihr Unternehmen ein umfangreiches Auslandsprojekt und ein interkulturelles Training erweist sich als unumg\u00e4nglich. Ich bin gerne an Ihrer Seite.<\/p>\n<p>Als spanischer Muttersprachler mit nahezu zwei Jahrzehnten Lehrerfahrung werden Sie mit meiner Hilfe schnell und einfach lernen.<\/p>\n<p>Vorteile des Spanischlernens:[\/vc_column_text][\/vc_column][vc_column width=&#8220;1\/2&#8243;]<!-- Visual Composer plugin not installed. Please install it to make this shortcode work. -->[\/vc_column][vc_column]<!-- Visual Composer plugin not installed. Please install it to make this shortcode work. -->[\/vc_column][\/vc_row]<\/p>\n","protected":false},"excerpt":{"rendered":"<p>[vc_row tm_bgimagefixed=&#8220;&#8220; break_in_responsive=&#8220;991&#8243; full_width=&#8220;stretch_row&#8220; equal_height=&#8220;yes&#8220; content_placement=&#8220;middle&#8220; css=&#8220;.vc_custom_1589199848517{padding-bottom: 100px !important;}&#8220; tm_responsive_css=&#8220;58079122|colbreak_no|||||||||colbreak_no|||||27px||25px||colbreak_no||||||||||colbreak_no|||||||||&#8220; el_id=&#8220;ubersetzen&#8220;][vc_column width=&#8220;5\/12&#8243;][vc_single_image image=&#8220;2651&#8243; img_size=&#8220;full&#8220; css=&#8220;.vc_custom_1580146045361{margin-bottom: 0px !important;}&#8220;][\/vc_column][vc_column width=&#8220;7\/12&#8243; css=&#8220;.vc_custom_1559723794606{padding-left: 85px !important;}&#8220; tm_responsive_css=&#8220;54595271|colbreak_no|||||||||colbreak_no|||||70px|||15px|colbreak_no||||||||||colbreak_no|||||||||&#8220;][vc_row_inner][vc_column_inner css=&#8220;.vc_custom_1559733581132{padding-right: 70px !important;}&#8220; tm_responsive_css=&#8220;74487486|colbreak_no|||||||||colbreak_no||||||15px|||colbreak_no||||||||||colbreak_no|||||||||&#8220;][\/vc_column_inner][\/vc_row_inner][vc_row_inner el_class=&#8220;tm-column-inline&#8220;][vc_column_inner][\/vc_column_inner][\/vc_row_inner][\/vc_column][\/vc_row][vc_row tm_bgcolor=&#8220;grey&#8220; tm_bgimagefixed=&#8220;&#8220; full_width=&#8220;stretch_row&#8220; tm_responsive_css=&#8220;16496640|colbreak_no|||||||||colbreak_no|||||40px||20px||colbreak_no||||||||||colbreak_no|||||||||&#8220; css=&#8220;.vc_custom_1574415259892{padding-bottom: 0px !important;}&#8220;][vc_column][\/vc_column][\/vc_row][vc_row tm_bgcolor=&#8220;grey&#8220; tm_bgimagefixed=&#8220;&#8220; full_width=&#8220;stretch_row&#8220; tm_responsive_css=&#8220;16496640|colbreak_no|||||||||colbreak_no|||||40px||20px||colbreak_no||||||||||colbreak_no|||||||||&#8220; css=&#8220;.vc_custom_1574415765442{padding-top: 30px !important;}&#8220; el_class=&#8220;smaller-padding&#8220;][vc_column width=&#8220;1\/2&#8243;][vc_row_inner equal_height=&#8220;yes&#8220; content_placement=&#8220;middle&#8220; tm_responsive_css=&#8220;42051778|colbreak_no|||||||||colbreak_no|0px||||||||colbreak_no||||||||||colbreak_no|||||||||&#8220;][vc_column_inner width=&#8220;1\/2&#8243;][vc_single_image image=&#8220;2576&#8243; img_size=&#8220;full&#8220; alignment=&#8220;center&#8220; css=&#8220;.vc_custom_1574415409903{padding-top: 8px !important;}&#8220;][\/vc_column_inner][vc_column_inner width=&#8220;1\/2&#8243;][vc_column_text]Ich helfe &hellip; <a href=\"https:\/\/asensiotranslates.asensiotranslates.com\/de\/mein-angebot\/\" class=\"more-link\">Continue reading <span class=\"screen-reader-text\">Mein Angebot<\/span><\/a><\/p>\n","protected":false},"author":1,"featured_media":0,"parent":0,"menu_order":7,"comment_status":"closed","ping_status":"closed","template":"","meta":{"footnotes":""},"class_list":["post-2816","page","type-page","status-publish","hentry"],"yoast_head":"<!-- This site is optimized with the Yoast SEO plugin v27.4 - https:\/\/yoast.com\/product\/yoast-seo-wordpress\/ -->\n<title>Spanish legal translation, Spanish interpreting &amp; Spanish voiceover artist<\/title>\n<meta name=\"description\" content=\"Asensio provides Spanish legal, technical &amp; marketing translation services. Looking for a qualified Spanish interpreter or a voiceover artist? Get in touch!\" \/>\n<meta name=\"robots\" content=\"index, follow, max-snippet:-1, max-image-preview:large, max-video-preview:-1\" \/>\n<link rel=\"canonical\" href=\"https:\/\/asensiotranslates.asensiotranslates.com\/de\/mein-angebot\/\" \/>\n<meta property=\"og:locale\" content=\"de_DE\" \/>\n<meta property=\"og:type\" content=\"article\" \/>\n<meta property=\"og:title\" content=\"Spanish legal translation, Spanish interpreting &amp; Spanish voiceover artist\" \/>\n<meta property=\"og:description\" content=\"Asensio provides Spanish legal, technical &amp; marketing translation services. Looking for a qualified Spanish interpreter or a voiceover artist? Get in touch!\" \/>\n<meta property=\"og:url\" content=\"https:\/\/asensiotranslates.asensiotranslates.com\/de\/mein-angebot\/\" \/>\n<meta property=\"og:site_name\" content=\"Asensio Translates\" \/>\n<meta property=\"article:modified_time\" content=\"2020-05-11T12:26:18+00:00\" \/>\n<meta name=\"twitter:card\" content=\"summary_large_image\" \/>\n<meta name=\"twitter:label1\" content=\"Gesch\u00e4tzte Lesezeit\" \/>\n\t<meta name=\"twitter:data1\" content=\"11\u00a0Minuten\" \/>\n<script type=\"application\/ld+json\" class=\"yoast-schema-graph\">{\"@context\":\"https:\\\/\\\/schema.org\",\"@graph\":[{\"@type\":\"WebPage\",\"@id\":\"https:\\\/\\\/asensiotranslates.asensiotranslates.com\\\/de\\\/mein-angebot\\\/\",\"url\":\"https:\\\/\\\/asensiotranslates.asensiotranslates.com\\\/de\\\/mein-angebot\\\/\",\"name\":\"Spanish legal translation, Spanish interpreting & Spanish voiceover artist\",\"isPartOf\":{\"@id\":\"https:\\\/\\\/asensiotranslates.asensiotranslates.com\\\/#website\"},\"datePublished\":\"2019-04-22T10:36:46+00:00\",\"dateModified\":\"2020-05-11T12:26:18+00:00\",\"description\":\"Asensio provides Spanish legal, technical & marketing translation services. Looking for a qualified Spanish interpreter or a voiceover artist? Get in touch!\",\"breadcrumb\":{\"@id\":\"https:\\\/\\\/asensiotranslates.asensiotranslates.com\\\/de\\\/mein-angebot\\\/#breadcrumb\"},\"inLanguage\":\"de\",\"potentialAction\":[{\"@type\":\"ReadAction\",\"target\":[\"https:\\\/\\\/asensiotranslates.asensiotranslates.com\\\/de\\\/mein-angebot\\\/\"]}]},{\"@type\":\"BreadcrumbList\",\"@id\":\"https:\\\/\\\/asensiotranslates.asensiotranslates.com\\\/de\\\/mein-angebot\\\/#breadcrumb\",\"itemListElement\":[{\"@type\":\"ListItem\",\"position\":1,\"name\":\"Home\",\"item\":\"https:\\\/\\\/asensiotranslates.asensiotranslates.com\\\/de\\\/\"},{\"@type\":\"ListItem\",\"position\":2,\"name\":\"Mein Angebot\"}]},{\"@type\":\"WebSite\",\"@id\":\"https:\\\/\\\/asensiotranslates.asensiotranslates.com\\\/#website\",\"url\":\"https:\\\/\\\/asensiotranslates.asensiotranslates.com\\\/\",\"name\":\"Asensio Translates\",\"description\":\"Just another WordPress site\",\"publisher\":{\"@id\":\"https:\\\/\\\/asensiotranslates.asensiotranslates.com\\\/#organization\"},\"potentialAction\":[{\"@type\":\"SearchAction\",\"target\":{\"@type\":\"EntryPoint\",\"urlTemplate\":\"https:\\\/\\\/asensiotranslates.asensiotranslates.com\\\/?s={search_term_string}\"},\"query-input\":{\"@type\":\"PropertyValueSpecification\",\"valueRequired\":true,\"valueName\":\"search_term_string\"}}],\"inLanguage\":\"de\"},{\"@type\":\"Organization\",\"@id\":\"https:\\\/\\\/asensiotranslates.asensiotranslates.com\\\/#organization\",\"name\":\"Asensio Dolmetscher f\u00fcr Spanisch\",\"url\":\"https:\\\/\\\/asensiotranslates.asensiotranslates.com\\\/\",\"logo\":{\"@type\":\"ImageObject\",\"inLanguage\":\"de\",\"@id\":\"https:\\\/\\\/asensiotranslates.asensiotranslates.com\\\/#\\\/schema\\\/logo\\\/image\\\/\",\"url\":\"https:\\\/\\\/asensiotranslates.asensiotranslates.com\\\/wp-content\\\/uploads\\\/2019\\\/11\\\/asensio-logo.png\",\"contentUrl\":\"https:\\\/\\\/asensiotranslates.asensiotranslates.com\\\/wp-content\\\/uploads\\\/2019\\\/11\\\/asensio-logo.png\",\"width\":1476,\"height\":1299,\"caption\":\"Asensio Dolmetscher f\u00fcr Spanisch\"},\"image\":{\"@id\":\"https:\\\/\\\/asensiotranslates.asensiotranslates.com\\\/#\\\/schema\\\/logo\\\/image\\\/\"},\"sameAs\":[\"https:\\\/\\\/www.proz.com\\\/profile\\\/106949\"]}]}<\/script>\n<!-- \/ Yoast SEO plugin. -->","yoast_head_json":{"title":"Spanish legal translation, Spanish interpreting & Spanish voiceover artist","description":"Asensio provides Spanish legal, technical & marketing translation services. Looking for a qualified Spanish interpreter or a voiceover artist? Get in touch!","robots":{"index":"index","follow":"follow","max-snippet":"max-snippet:-1","max-image-preview":"max-image-preview:large","max-video-preview":"max-video-preview:-1"},"canonical":"https:\/\/asensiotranslates.asensiotranslates.com\/de\/mein-angebot\/","og_locale":"de_DE","og_type":"article","og_title":"Spanish legal translation, Spanish interpreting & Spanish voiceover artist","og_description":"Asensio provides Spanish legal, technical & marketing translation services. Looking for a qualified Spanish interpreter or a voiceover artist? Get in touch!","og_url":"https:\/\/asensiotranslates.asensiotranslates.com\/de\/mein-angebot\/","og_site_name":"Asensio Translates","article_modified_time":"2020-05-11T12:26:18+00:00","twitter_card":"summary_large_image","twitter_misc":{"Gesch\u00e4tzte Lesezeit":"11\u00a0Minuten"},"schema":{"@context":"https:\/\/schema.org","@graph":[{"@type":"WebPage","@id":"https:\/\/asensiotranslates.asensiotranslates.com\/de\/mein-angebot\/","url":"https:\/\/asensiotranslates.asensiotranslates.com\/de\/mein-angebot\/","name":"Spanish legal translation, Spanish interpreting & Spanish voiceover artist","isPartOf":{"@id":"https:\/\/asensiotranslates.asensiotranslates.com\/#website"},"datePublished":"2019-04-22T10:36:46+00:00","dateModified":"2020-05-11T12:26:18+00:00","description":"Asensio provides Spanish legal, technical & marketing translation services. Looking for a qualified Spanish interpreter or a voiceover artist? Get in touch!","breadcrumb":{"@id":"https:\/\/asensiotranslates.asensiotranslates.com\/de\/mein-angebot\/#breadcrumb"},"inLanguage":"de","potentialAction":[{"@type":"ReadAction","target":["https:\/\/asensiotranslates.asensiotranslates.com\/de\/mein-angebot\/"]}]},{"@type":"BreadcrumbList","@id":"https:\/\/asensiotranslates.asensiotranslates.com\/de\/mein-angebot\/#breadcrumb","itemListElement":[{"@type":"ListItem","position":1,"name":"Home","item":"https:\/\/asensiotranslates.asensiotranslates.com\/de\/"},{"@type":"ListItem","position":2,"name":"Mein Angebot"}]},{"@type":"WebSite","@id":"https:\/\/asensiotranslates.asensiotranslates.com\/#website","url":"https:\/\/asensiotranslates.asensiotranslates.com\/","name":"Asensio Translates","description":"Just another WordPress site","publisher":{"@id":"https:\/\/asensiotranslates.asensiotranslates.com\/#organization"},"potentialAction":[{"@type":"SearchAction","target":{"@type":"EntryPoint","urlTemplate":"https:\/\/asensiotranslates.asensiotranslates.com\/?s={search_term_string}"},"query-input":{"@type":"PropertyValueSpecification","valueRequired":true,"valueName":"search_term_string"}}],"inLanguage":"de"},{"@type":"Organization","@id":"https:\/\/asensiotranslates.asensiotranslates.com\/#organization","name":"Asensio Dolmetscher f\u00fcr Spanisch","url":"https:\/\/asensiotranslates.asensiotranslates.com\/","logo":{"@type":"ImageObject","inLanguage":"de","@id":"https:\/\/asensiotranslates.asensiotranslates.com\/#\/schema\/logo\/image\/","url":"https:\/\/asensiotranslates.asensiotranslates.com\/wp-content\/uploads\/2019\/11\/asensio-logo.png","contentUrl":"https:\/\/asensiotranslates.asensiotranslates.com\/wp-content\/uploads\/2019\/11\/asensio-logo.png","width":1476,"height":1299,"caption":"Asensio Dolmetscher f\u00fcr Spanisch"},"image":{"@id":"https:\/\/asensiotranslates.asensiotranslates.com\/#\/schema\/logo\/image\/"},"sameAs":["https:\/\/www.proz.com\/profile\/106949"]}]}},"_links":{"self":[{"href":"https:\/\/asensiotranslates.asensiotranslates.com\/de\/wp-json\/wp\/v2\/pages\/2816","targetHints":{"allow":["GET"]}}],"collection":[{"href":"https:\/\/asensiotranslates.asensiotranslates.com\/de\/wp-json\/wp\/v2\/pages"}],"about":[{"href":"https:\/\/asensiotranslates.asensiotranslates.com\/de\/wp-json\/wp\/v2\/types\/page"}],"author":[{"embeddable":true,"href":"https:\/\/asensiotranslates.asensiotranslates.com\/de\/wp-json\/wp\/v2\/users\/1"}],"replies":[{"embeddable":true,"href":"https:\/\/asensiotranslates.asensiotranslates.com\/de\/wp-json\/wp\/v2\/comments?post=2816"}],"version-history":[{"count":3,"href":"https:\/\/asensiotranslates.asensiotranslates.com\/de\/wp-json\/wp\/v2\/pages\/2816\/revisions"}],"predecessor-version":[{"id":2887,"href":"https:\/\/asensiotranslates.asensiotranslates.com\/de\/wp-json\/wp\/v2\/pages\/2816\/revisions\/2887"}],"wp:attachment":[{"href":"https:\/\/asensiotranslates.asensiotranslates.com\/de\/wp-json\/wp\/v2\/media?parent=2816"}],"curies":[{"name":"wp","href":"https:\/\/api.w.org\/{rel}","templated":true}]}}